{"id":16,"date":"2019-09-15T13:21:23","date_gmt":"2019-09-15T13:21:23","guid":{"rendered":"http:\/\/unimedica.rs\/?page_id=16"},"modified":"2025-08-01T09:39:21","modified_gmt":"2025-08-01T09:39:21","slug":"flogocid-krema-2","status":"publish","type":"page","link":"http:\/\/unimedica.rs\/en\/flogocid-krema-2\/","title":{"rendered":"Flogocid cream"},"content":{"rendered":"<div class=\"wpb-content-wrapper\"><div data-vc-full-width=\"true\" data-vc-full-width-init=\"false\" data-vc-stretch-content=\"true\" class=\"vc_row wpb_row vc_row-fluid vc_row-no-padding\" ><div class=\"wpb_column vc_column_container vc_col-sm-12\"><div class=\"vc_column-inner\"><div class=\"wpb_wrapper\">\n\t<div  class=\"wpb_single_image wpb_content_element vc_align_center wpb_content_element wpb_animate_when_almost_visible wpb_rollIn rollIn\">\n\t\t\n\t\t<figure class=\"wpb_wrapper vc_figure\">\n\t\t\t<div class=\"vc_single_image-wrapper   vc_box_border_grey\"><img loading=\"lazy\" decoding=\"async\" width=\"1920\" height=\"460\" src=\"http:\/\/unimedica.rs\/wp-content\/uploads\/2020\/10\/Sajt-Flogocid.jpg\" class=\"vc_single_image-img attachment-full\" alt=\"\" title=\"Sajt Flogocid\" srcset=\"http:\/\/unimedica.rs\/wp-content\/uploads\/2020\/10\/Sajt-Flogocid.jpg 1920w, http:\/\/unimedica.rs\/wp-content\/uploads\/2020\/10\/Sajt-Flogocid-300x72.jpg 300w, http:\/\/unimedica.rs\/wp-content\/uploads\/2020\/10\/Sajt-Flogocid-1024x245.jpg 1024w, http:\/\/unimedica.rs\/wp-content\/uploads\/2020\/10\/Sajt-Flogocid-768x184.jpg 768w, http:\/\/unimedica.rs\/wp-content\/uploads\/2020\/10\/Sajt-Flogocid-1536x368.jpg 1536w\" sizes=\"(max-width: 1920px) 100vw, 1920px\" \/><\/div>\n\t\t<\/figure>\n\t<\/div>\n<\/div><\/div><\/div><\/div><div class=\"vc_row-full-width vc_clearfix\"><\/div><section class=\"vc_section vc_custom_1569623647011\"><div class=\"vc_row wpb_row vc_row-fluid\" ><div class=\"col-padding wpb_column vc_column_container vc_col-sm-8\"><div class=\"vc_column-inner\"><div class=\"wpb_wrapper\">\n\t<div class=\"wpb_text_column wpb_content_element\" >\n\t\t<div class=\"wpb_wrapper\">\n\t\t\t<h1 style=\"color: #4477bd; font-weight: 600;\">Flogocid cream<\/h1>\n<p style=\"text-align: justify;\"><a href=\"https:\/\/unimedica.rs\/en\/flogocid-krema-2\/\" target=\"_blank\" rel=\"noopener\"><strong>Flogocid cream<\/strong><\/a> contains a high concentration of active ingredients that promote the renewal and revitalization of the skin. Their synergistic effect allows for deep penetration into the skin layers, improving its structure and tone, leaving the skin velvety soft. The cream nourishes both the face and body, forming a thin, protective film on the skin\u2019s surface that slows down water loss. Its specially developed formula ensures excellent spreadability and quick absorption during application.<\/p>\n\n\t\t<\/div>\n\t<\/div>\n\n\t<div class=\"wpb_text_column wpb_content_element\" >\n\t\t<div class=\"wpb_wrapper\">\n\t\t\t<p>It is intended for face and body skin care and is suitable for the whole family. With its natural composition, it does not cause unwanted effects and is often used as a staple product in home pharmacies. It is recommended for moisturizing, restoring, and protecting dry and sensitive skin.<\/p>\n\n\t\t<\/div>\n\t<\/div>\n\n\t<div class=\"wpb_text_column wpb_content_element\" >\n\t\t<div class=\"wpb_wrapper\">\n\t\t\t<p><strong>Complete composition: <\/strong>Aqua, Lanolin Anhydrous, Petrolatum, Paraffinum Liquidum, Sodium Cetearyl Sulfate, Cetyl Alcohol, Bisabolol, Cetearyl Alcohol, Cholesterol, Phenoxyethanol, Lavandula Hybrida Grosso Herb Oil, Tocopheryl Acetate, Chlorhexidine Digluconate, Thuja Occidentalis Leaf Oil, Abies Sibirica Needle Oil, Ethylhexylglycerin, Geraniol, Citronellol, D-Limonene, Linalool, Citral.<\/p>\n\n\t\t<\/div>\n\t<\/div>\n\n\t<div class=\"wpb_text_column wpb_content_element\" >\n\t\t<div class=\"wpb_wrapper\">\n\t\t\t<p style=\"text-align: justify;\"><b>How to use: <\/b>The cream should be applied in a thicker layer to the desired area and its surrounding skin. If necessary, a bandage or gauze can be placed over the application site. Before use, the area should be thoroughly cleaned. Phlogocid cream is intended for external use only.<\/p>\n\n\t\t<\/div>\n\t<\/div>\n\n\t<div class=\"wpb_text_column wpb_content_element\" >\n\t\t<div class=\"wpb_wrapper\">\n\t\t\t<p><strong>Flogocid cream<\/strong> Flogocid cream has been in production for over half a century, and its effectiveness is confirmed by more than a million satisfied users who consider it a universal solution.<\/p>\n<p style=\"text-align: justify;\">Each batch is evaluated by the quality control laboratory of the Super Lab Institute in Belgrade, ensuring its safety and health suitability.<\/p>\n<p>Flogocid cream is available in all pharmacies, as well as in Lilly and DM drugstores nationwide.<\/p>\n<p><strong>Packaging: <\/strong>20g tube and 50g tube.<\/p>\n\n\t\t<\/div>\n\t<\/div>\n<div class=\"vc_empty_space\"   style=\"height: 60px\"><span class=\"vc_empty_space_inner\"><\/span><\/div><div class=\"vc_empty_space\"   style=\"height: 30px\"><span class=\"vc_empty_space_inner\"><\/span><\/div><\/div><\/div><\/div><div class=\"wpb_column vc_column_container vc_col-sm-4\"><div class=\"vc_column-inner\"><div class=\"wpb_wrapper\">\n\t<div  class=\"wpb_single_image wpb_content_element vc_align_center wpb_content_element wpb_animate_when_almost_visible wpb_bounceInRight bounceInRight\">\n\t\t\n\t\t<figure class=\"wpb_wrapper vc_figure\">\n\t\t\t<a href=\"https:\/\/unimedica.rs\/en\/flogocid-kupka\/\" target=\"_blank\" class=\"vc_single_image-wrapper   vc_box_border_grey\"><img loading=\"lazy\" decoding=\"async\" width=\"1024\" height=\"1024\" src=\"http:\/\/unimedica.rs\/wp-content\/uploads\/2025\/08\/Untitled-2.png\" class=\"vc_single_image-img attachment-full\" alt=\"Flogocid kupka\" title=\"flogocid-kupka\" srcset=\"http:\/\/unimedica.rs\/wp-content\/uploads\/2025\/08\/Untitled-2.png 1024w, http:\/\/unimedica.rs\/wp-content\/uploads\/2025\/08\/Untitled-2-300x300.png 300w, http:\/\/unimedica.rs\/wp-content\/uploads\/2025\/08\/Untitled-2-150x150.png 150w, http:\/\/unimedica.rs\/wp-content\/uploads\/2025\/08\/Untitled-2-768x768.png 768w, http:\/\/unimedica.rs\/wp-content\/uploads\/2025\/08\/Untitled-2-12x12.png 12w, http:\/\/unimedica.rs\/wp-content\/uploads\/2025\/08\/Untitled-2-550x550.png 550w\" sizes=\"(max-width: 1024px) 100vw, 1024px\" \/><\/a>\n\t\t<\/figure>\n\t<\/div>\n<div class=\"vc_empty_space\"   style=\"height: 30px\"><span class=\"vc_empty_space_inner\"><\/span><\/div>\n\t<div  class=\"wpb_single_image wpb_content_element vc_align_center wpb_content_element wpb_animate_when_almost_visible wpb_bounceInLeft bounceInLeft vc_custom_1754041152101\">\n\t\t\n\t\t<figure class=\"wpb_wrapper vc_figure\">\n\t\t\t<a href=\"https:\/\/unimedica.rs\/en\/flogocid-sapun\/\" target=\"_blank\" class=\"vc_single_image-wrapper   vc_box_border_grey\"><img loading=\"lazy\" decoding=\"async\" width=\"1024\" height=\"1024\" src=\"http:\/\/unimedica.rs\/wp-content\/uploads\/2023\/01\/krug.png\" class=\"vc_single_image-img attachment-large\" alt=\"\" title=\"krug\" srcset=\"http:\/\/unimedica.rs\/wp-content\/uploads\/2023\/01\/krug.png 1024w, http:\/\/unimedica.rs\/wp-content\/uploads\/2023\/01\/krug-300x300.png 300w, http:\/\/unimedica.rs\/wp-content\/uploads\/2023\/01\/krug-150x150.png 150w, http:\/\/unimedica.rs\/wp-content\/uploads\/2023\/01\/krug-768x768.png 768w, http:\/\/unimedica.rs\/wp-content\/uploads\/2023\/01\/krug-550x550.png 550w\" sizes=\"(max-width: 1024px) 100vw, 1024px\" \/><\/a>\n\t\t<\/figure>\n\t<\/div>\n<\/div><\/div><\/div><\/div><\/section>\n<\/div>","protected":false},"excerpt":{"rendered":"Flogocid krema Flogocid krema u svom sastavu ima visoku koncentraciju [...]","protected":false},"author":1,"featured_media":0,"parent":0,"menu_order":0,"comment_status":"closed","ping_status":"closed","template":"","meta":{"footnotes":""},"class_list":["post-16","page","type-page","status-publish","hentry"],"yoast_head":"<!-- This site is optimized with the Yoast SEO plugin v23.8 - https:\/\/yoast.com\/wordpress\/plugins\/seo\/ -->\n<title>Flogocid krema | Unimedica<\/title>\n<meta name=\"description\" content=\"Flogocid krema - univerzalna krema koja hidrira, obnavlja i revitalizuje ko\u017eu. Sadr\u017ei visoku koncentraciju aktivnih sastojaka koji pobolj\u0161avaju strukturu i tonus ko\u017ee, pru\u017eaju\u0107i joj bar\u0161unasto mekanu teksturu.\" \/>\n<meta name=\"robots\" content=\"index, follow, max-snippet:-1, max-image-preview:large, max-video-preview:-1\" \/>\n<link rel=\"canonical\" href=\"https:\/\/unimedica.rs\/en\/flogocid-krema-2\/\" \/>\n<meta property=\"og:locale\" content=\"en_US\" \/>\n<meta property=\"og:type\" content=\"article\" \/>\n<meta property=\"og:title\" content=\"Flogocid krema | Unimedica\" \/>\n<meta property=\"og:description\" content=\"Flogocid krema - univerzalna krema koja hidrira, obnavlja i revitalizuje ko\u017eu. Sadr\u017ei visoku koncentraciju aktivnih sastojaka koji pobolj\u0161avaju strukturu i tonus ko\u017ee, pru\u017eaju\u0107i joj bar\u0161unasto mekanu teksturu.\" \/>\n<meta property=\"og:url\" content=\"https:\/\/unimedica.rs\/en\/flogocid-krema-2\/\" \/>\n<meta property=\"og:site_name\" content=\"Unimedica\" \/>\n<meta property=\"article:publisher\" content=\"https:\/\/www.facebook.com\/UnimedicaSrbija\/\" \/>\n<meta property=\"article:modified_time\" content=\"2025-08-01T09:39:21+00:00\" \/>\n<meta name=\"twitter:card\" content=\"summary_large_image\" \/>\n<meta name=\"twitter:label1\" content=\"Est. reading time\" \/>\n\t<meta name=\"twitter:data1\" content=\"2 minutes\" \/>\n<script type=\"application\/ld+json\" class=\"yoast-schema-graph\">{\"@context\":\"https:\/\/schema.org\",\"@graph\":[{\"@type\":\"WebPage\",\"@id\":\"https:\/\/unimedica.rs\/flogocid-krema-2\/\",\"url\":\"https:\/\/unimedica.rs\/flogocid-krema-2\/\",\"name\":\"Flogocid krema | Unimedica\",\"isPartOf\":{\"@id\":\"https:\/\/unimedica.rs\/#website\"},\"datePublished\":\"2019-09-15T13:21:23+00:00\",\"dateModified\":\"2025-08-01T09:39:21+00:00\",\"description\":\"Flogocid krema - univerzalna krema koja hidrira, obnavlja i revitalizuje ko\u017eu. Sadr\u017ei visoku koncentraciju aktivnih sastojaka koji pobolj\u0161avaju strukturu i tonus ko\u017ee, pru\u017eaju\u0107i joj bar\u0161unasto mekanu teksturu.\",\"breadcrumb\":{\"@id\":\"https:\/\/unimedica.rs\/flogocid-krema-2\/#breadcrumb\"},\"inLanguage\":\"en-US\",\"potentialAction\":[{\"@type\":\"ReadAction\",\"target\":[\"https:\/\/unimedica.rs\/flogocid-krema-2\/\"]}]},{\"@type\":\"BreadcrumbList\",\"@id\":\"https:\/\/unimedica.rs\/flogocid-krema-2\/#breadcrumb\",\"itemListElement\":[{\"@type\":\"ListItem\",\"position\":1,\"name\":\"Home\",\"item\":\"https:\/\/unimedica.rs\/\"},{\"@type\":\"ListItem\",\"position\":2,\"name\":\"Flogocid krema\"}]},{\"@type\":\"WebSite\",\"@id\":\"https:\/\/unimedica.rs\/#website\",\"url\":\"https:\/\/unimedica.rs\/\",\"name\":\"Unimedica\",\"description\":\"\",\"publisher\":{\"@id\":\"https:\/\/unimedica.rs\/#organization\"},\"potentialAction\":[{\"@type\":\"SearchAction\",\"target\":{\"@type\":\"EntryPoint\",\"urlTemplate\":\"https:\/\/unimedica.rs\/?s={search_term_string}\"},\"query-input\":{\"@type\":\"PropertyValueSpecification\",\"valueRequired\":true,\"valueName\":\"search_term_string\"}}],\"inLanguage\":\"en-US\"},{\"@type\":\"Organization\",\"@id\":\"https:\/\/unimedica.rs\/#organization\",\"name\":\"Unimedica\",\"url\":\"https:\/\/unimedica.rs\/\",\"logo\":{\"@type\":\"ImageObject\",\"inLanguage\":\"en-US\",\"@id\":\"https:\/\/unimedica.rs\/#\/schema\/logo\/image\/\",\"url\":\"https:\/\/unimedica.rs\/wp-content\/uploads\/2019\/09\/logo-brend.png\",\"contentUrl\":\"https:\/\/unimedica.rs\/wp-content\/uploads\/2019\/09\/logo-brend.png\",\"width\":346,\"height\":87,\"caption\":\"Unimedica\"},\"image\":{\"@id\":\"https:\/\/unimedica.rs\/#\/schema\/logo\/image\/\"},\"sameAs\":[\"https:\/\/www.facebook.com\/UnimedicaSrbija\/\",\"https:\/\/www.instagram.com\/flogocid_official\/?hl=en\"]}]}<\/script>\n<!-- \/ Yoast SEO plugin. -->","yoast_head_json":{"title":"Flogocid krema | Unimedica","description":"Flogocid krema - univerzalna krema koja hidrira, obnavlja i revitalizuje ko\u017eu. Sadr\u017ei visoku koncentraciju aktivnih sastojaka koji pobolj\u0161avaju strukturu i tonus ko\u017ee, pru\u017eaju\u0107i joj bar\u0161unasto mekanu teksturu.","robots":{"index":"index","follow":"follow","max-snippet":"max-snippet:-1","max-image-preview":"max-image-preview:large","max-video-preview":"max-video-preview:-1"},"canonical":"https:\/\/unimedica.rs\/en\/flogocid-krema-2\/","og_locale":"en_US","og_type":"article","og_title":"Flogocid krema | Unimedica","og_description":"Flogocid krema - univerzalna krema koja hidrira, obnavlja i revitalizuje ko\u017eu. Sadr\u017ei visoku koncentraciju aktivnih sastojaka koji pobolj\u0161avaju strukturu i tonus ko\u017ee, pru\u017eaju\u0107i joj bar\u0161unasto mekanu teksturu.","og_url":"https:\/\/unimedica.rs\/en\/flogocid-krema-2\/","og_site_name":"Unimedica","article_publisher":"https:\/\/www.facebook.com\/UnimedicaSrbija\/","article_modified_time":"2025-08-01T09:39:21+00:00","twitter_card":"summary_large_image","twitter_misc":{"Est. reading time":"2 minutes"},"schema":{"@context":"https:\/\/schema.org","@graph":[{"@type":"WebPage","@id":"https:\/\/unimedica.rs\/flogocid-krema-2\/","url":"https:\/\/unimedica.rs\/flogocid-krema-2\/","name":"Flogocid krema | Unimedica","isPartOf":{"@id":"https:\/\/unimedica.rs\/#website"},"datePublished":"2019-09-15T13:21:23+00:00","dateModified":"2025-08-01T09:39:21+00:00","description":"Flogocid krema - univerzalna krema koja hidrira, obnavlja i revitalizuje ko\u017eu. Sadr\u017ei visoku koncentraciju aktivnih sastojaka koji pobolj\u0161avaju strukturu i tonus ko\u017ee, pru\u017eaju\u0107i joj bar\u0161unasto mekanu teksturu.","breadcrumb":{"@id":"https:\/\/unimedica.rs\/flogocid-krema-2\/#breadcrumb"},"inLanguage":"en-US","potentialAction":[{"@type":"ReadAction","target":["https:\/\/unimedica.rs\/flogocid-krema-2\/"]}]},{"@type":"BreadcrumbList","@id":"https:\/\/unimedica.rs\/flogocid-krema-2\/#breadcrumb","itemListElement":[{"@type":"ListItem","position":1,"name":"Home","item":"https:\/\/unimedica.rs\/"},{"@type":"ListItem","position":2,"name":"Flogocid krema"}]},{"@type":"WebSite","@id":"https:\/\/unimedica.rs\/#website","url":"https:\/\/unimedica.rs\/","name":"Unimedica","description":"","publisher":{"@id":"https:\/\/unimedica.rs\/#organization"},"potentialAction":[{"@type":"SearchAction","target":{"@type":"EntryPoint","urlTemplate":"https:\/\/unimedica.rs\/?s={search_term_string}"},"query-input":{"@type":"PropertyValueSpecification","valueRequired":true,"valueName":"search_term_string"}}],"inLanguage":"en-US"},{"@type":"Organization","@id":"https:\/\/unimedica.rs\/#organization","name":"Unimedica","url":"https:\/\/unimedica.rs\/","logo":{"@type":"ImageObject","inLanguage":"en-US","@id":"https:\/\/unimedica.rs\/#\/schema\/logo\/image\/","url":"https:\/\/unimedica.rs\/wp-content\/uploads\/2019\/09\/logo-brend.png","contentUrl":"https:\/\/unimedica.rs\/wp-content\/uploads\/2019\/09\/logo-brend.png","width":346,"height":87,"caption":"Unimedica"},"image":{"@id":"https:\/\/unimedica.rs\/#\/schema\/logo\/image\/"},"sameAs":["https:\/\/www.facebook.com\/UnimedicaSrbija\/","https:\/\/www.instagram.com\/flogocid_official\/?hl=en"]}]}},"_links":{"self":[{"href":"http:\/\/unimedica.rs\/en\/wp-json\/wp\/v2\/pages\/16"}],"collection":[{"href":"http:\/\/unimedica.rs\/en\/wp-json\/wp\/v2\/pages"}],"about":[{"href":"http:\/\/unimedica.rs\/en\/wp-json\/wp\/v2\/types\/page"}],"author":[{"embeddable":true,"href":"http:\/\/unimedica.rs\/en\/wp-json\/wp\/v2\/users\/1"}],"replies":[{"embeddable":true,"href":"http:\/\/unimedica.rs\/en\/wp-json\/wp\/v2\/comments?post=16"}],"version-history":[{"count":32,"href":"http:\/\/unimedica.rs\/en\/wp-json\/wp\/v2\/pages\/16\/revisions"}],"predecessor-version":[{"id":504,"href":"http:\/\/unimedica.rs\/en\/wp-json\/wp\/v2\/pages\/16\/revisions\/504"}],"wp:attachment":[{"href":"http:\/\/unimedica.rs\/en\/wp-json\/wp\/v2\/media?parent=16"}],"curies":[{"name":"wp","href":"https:\/\/api.w.org\/{rel}","templated":true}]}}