{"id":235,"date":"2019-11-01T18:35:21","date_gmt":"2019-11-01T18:35:21","guid":{"rendered":"http:\/\/unimedica.rs\/?page_id=235"},"modified":"2019-11-02T16:58:30","modified_gmt":"2019-11-02T16:58:30","slug":"politika-privatnosti","status":"publish","type":"page","link":"https:\/\/unimedica.rs\/en\/politika-privatnosti\/","title":{"rendered":"Privacy policy"},"content":{"rendered":"<div class=\"wpb-content-wrapper\"><div class=\"vc_row wpb_row vc_row-fluid\" ><div class=\"wpb_column vc_column_container vc_col-sm-12\"><div class=\"vc_column-inner\"><div class=\"wpb_wrapper\">\n\t<div class=\"wpb_text_column wpb_content_element\" >\n\t\t<div class=\"wpb_wrapper\">\n\t\t\t<p><em>Unimedica d.o.o. Novi Banovci (dalje: Unimedica ili mi) je poslovni sistem u okviru kojeg su uspostavljeni i primenjuju se visoki standardi poslovnog upravljanja i transparentnog poslovanja, a koji podrazumevaju odgovorno, zakonito i eti<\/em><em>\u010d<\/em><em>ki utemeljeno pona\u0161anje, uklju<\/em><em>\u010d<\/em><em>uju<\/em><em>\u0107<\/em><em>i i po\u0161tovanje privatnosti i za\u0161tite li<\/em><em>\u010d<\/em><em>nih podataka.<\/em><\/p>\n<p><em>Vode<\/em><em>\u0107<\/em><em>i se navedenim standardima, Unimedica kao vo<\/em><em>\u0111<\/em><em>a obrade u okviru poslovnog sistema prikuplja i obra<\/em><em>\u0111<\/em><em>uje li<\/em><em>\u010d<\/em><em>ne podatke zakonito, po\u0161teno i transparentno prema va\u017ee<\/em><em>\u0107<\/em><em>im propisima i preduzimaju<\/em><em>\u0107<\/em><em>i primerene tehni<\/em><em>\u010d<\/em><em>ke i organizacione mere usmerene ka za\u0161titi li<\/em><em>\u010d<\/em><em>nih podataka od neovla\u0161<\/em><em>\u0107<\/em><em>enog pristupa i zloupotrebe.<\/em><\/p>\n<p><em>Unimedica je svesno da je za\u0161tita li<\/em><em>\u010d<\/em><em>nih podataka va\u017ena na\u0161im korisnicima i ispitanicima. Stoga \u017eelimo da vam poka\u017eemo koje li<\/em><em>\u010d<\/em><em>ne podatke prikupljamo, kako upravljamo njima i kako brinemo o njihovoj za\u0161titi.<\/em><\/p>\n<p><strong><em>Svrhe, obim i pravni osnov obrade<\/em><\/strong><\/p>\n<p><em>Li<\/em><em>\u010d<\/em><em>ni podaci se prikupljaju u posebne, izri<\/em><em>\u010d<\/em><em>ite i zakonite svrhe, u nu\u017enom obimu te se obra<\/em><em>\u0111<\/em><em>uju na na<\/em><em>\u010d<\/em><em>in koji je u skladu s tim svrhama.<\/em><\/p>\n<p><em>Unimedica <\/em><em>\u0107<\/em><em>e prikupljati i obra<\/em><em>\u0111<\/em><em>ivati li<\/em><em>\u010d<\/em><em>ne podatke samo u slu<\/em><em>\u010d<\/em><em>ajevima kada je to propisima dozvoljeno:<\/em><\/p>\n<ul>\n<li><em>obrada je nu\u017ena radi po\u0161tovanja pravnih obaveza;<\/em><\/li>\n<li><em>kad je ispitanik dao odobrenje za obradu svojih li<\/em><em>\u010d<\/em><em>nih podataka;<\/em><\/li>\n<li><em>obrada je nu\u017ena za izvr\u0161avanje ugovora u kojem je ispitanik stranka ili kako bi se preduzele radnje na zahtev ispitanika pre sklapanja ugovora;<\/em><\/li>\n<li><em>obrada je nu\u017ena kako bi se za\u0161titili klju<\/em><em>\u010d<\/em><em>ni interesi ispitanika ili drugog fizi<\/em><em>\u010d<\/em><em>kog lica;<\/em><\/li>\n<li><em>obrada je nu\u017ena za potrebe legitimnih interesa firme.<\/em><\/li>\n<\/ul>\n<p><strong><em>Prikupljanje i kori\u0161<\/em><\/strong><strong><em>\u0107<\/em><\/strong><strong><em>enje li<\/em><\/strong><strong><em>\u010d<\/em><\/strong><strong><em>nih podataka<\/em><\/strong><\/p>\n<p><em>Li<\/em><em>\u010d<\/em><em>ni podaci su informacije koje vas identifikuju neposredno ili posredno, poput va\u0161eg imena, imejla, broja telefona, IP adrese ili po\u0161tanske adrese.<\/em><\/p>\n<p><em>Unimedica ne prikuplja va\u0161e li<\/em><em>\u010d<\/em><em>ne podatke ukoliko vi izri<\/em><em>\u010d<\/em><em>ito ne predate takve podatke (npr. upitom za odre<\/em><em>\u0111<\/em><em>eni proizvod ili uslugu, zaklju<\/em><em>\u010d<\/em><em>ivanjem ugovora ili zahtevom za odre<\/em><em>\u0111<\/em><em>ene radnje pre zaklju<\/em><em>\u010d<\/em><em>ivanja ugovora, uklju<\/em><em>\u010d<\/em><em>ivanjem u programe lojalnosti, prilikom prijave na elektronski njuzleter, u<\/em><em>\u010d<\/em><em>estvovanja u anketama, konkursima i nagradnim igrama, naru<\/em><em>\u010d<\/em><em>ivanju uzoraka ili bro\u0161ura, molbama za donacije, kao i prilikom tra\u017eenja informacija, predajom biografije ili otvorene ponude ili prijavom na konkurse za otvorena radna mesta, kao i zapo\u0161ljavanjem u na\u0161em dru\u0161tvu\u2026).<\/em><\/p>\n<p><em>Va\u0161e li<\/em><em>\u010d<\/em><em>ne podatke prikupljamo, <\/em><em>\u010d<\/em><em>uvamo, koristimo ili prenosimo u obimu \u2013 sadr\u017eajnom i vremenskom \u2013 koji je potreban u odre<\/em><em>\u0111<\/em><em>enom slu<\/em><em>\u010d<\/em><em>aju, npr. kako bismo odgovorili na va\u0161e upite, ispunili va\u0161e zahteve, informisali o na\u0161im\u00a0 proizvodima, rezultatima konkursa ili nagradne igre, izvr\u0161ili ugovornu obavezu ili neophodne radnje pre zaklju<\/em><em>\u010d<\/em><em>ivanja ugovora, ili izvr\u0161ili druge na\u0161e zakonske ili pravne obaveze. Iz tih razloga, Unimedica ponekad treba da prenese li<\/em><em>\u010d<\/em><em>ne podatke spoljnim pru\u017eaocima usluga za daljnu obradu. Pru\u017eaoci usluge mogu se, na primer, anga\u017eovati u kontekstu usluga kol-centra, slanja robe, distribucije reklamnog materijala ili za organizovanje i sprovo<\/em><em>\u0111<\/em><em>enje nagradnih igara. Unimedica zahteva od tih strana prihvatanje va\u017ee<\/em><em>\u0107<\/em><em>ih pravnih propisa, po\u0161tovanje na\u0161ih uputstava, te uskla<\/em><em>\u0111<\/em><em>enost sa na\u0161im internim pravilima o za\u0161titi li<\/em><em>\u010d<\/em><em>nih podataka, kao i zahtevima za primenom adekvatnih organizacionih i tehni<\/em><em>\u010d<\/em><em>kih mera za\u0161tite. Iz istih razloga, ponekad <\/em><em>\u0107<\/em><em>e va\u0161i li<\/em><em>\u010d<\/em><em>ni podaci morati da budu preneseni i u druge dr\u017eave EU ili izvan EU, pri <\/em><em>\u010d<\/em><em>emu Unimedica brine da taj prenos bude u svemu u skladu sa zakonom i uz primenu svih raspolo\u017eivih i primerenih mera za\u0161tite li<\/em><em>\u010d<\/em><em>nih podataka.<\/em><\/p>\n<p><em>Unimedica garantuje da va\u0161e li<\/em><em>\u010d<\/em><em>ne podatke nikome ne<\/em><em>\u0107<\/em><em>e prodavati, te da ne<\/em><em>\u0107<\/em><em>e prosle<\/em><em>\u0111<\/em><em>ivati ili pozajmljivati va\u0161e li<\/em><em>\u010d<\/em><em>ne podatke tre<\/em><em>\u0107<\/em><em>oj strani, ukoliko to nije potrebno kako bi se ispunila odre<\/em><em>\u0111<\/em><em>ena svrha za koju ste nam iste dali, odnosno garantuje da va\u0161i podaci ne<\/em><em>\u0107<\/em><em>e biti dani bilo kojem neovla\u0161<\/em><em>\u0107<\/em><em>enom primaocu.<\/em><\/p>\n<p><em>Mogu<\/em><em>\u0107<\/em><em>e je da va\u0161e li<\/em><em>\u010d<\/em><em>ne podatke moramo da dostavimo nadle\u017enom telu javne vlasti ukoliko to nala\u017ee zakon ili drugi obavezuju<\/em><em>\u0107<\/em><em>i\u00a0 propis.<\/em><\/p>\n<p><em>Prikupljeni podaci <\/em><em>\u0107<\/em><em>e se <\/em><em>\u010d<\/em><em>uvati onoliko dugo koliko je potrebno, s obzirom na svrhu zbog koje su prikupljeni, odnosno u roku u skladu sa va\u017ee<\/em><em>\u0107<\/em><em>im propisima.<\/em><\/p>\n<p><strong><em>Kori\u0161<\/em><\/strong><strong><em>\u0107<\/em><\/strong><strong><em>enje li<\/em><\/strong><strong><em>\u010d<\/em><\/strong><strong><em>nih podataka u reklamne i marketin\u0161ke svrhe<\/em><\/strong><\/p>\n<p><em>Kad se va\u0161i li<\/em><em>\u010d<\/em><em>ni podaci koriste u reklamne i marketin\u0161ke svrhe u skladu sa va\u017ee<\/em><em>\u0107<\/em><em>im zakonskim propisima iz podru<\/em><em>\u010d<\/em><em>ja za\u0161tite li<\/em><em>\u010d<\/em><em>nih podataka, va\u0161i podaci <\/em><em>\u0107<\/em><em>e biti sa<\/em><em>\u010d<\/em><em>uvani i kori\u0161<\/em><em>\u0107<\/em><em>eni u te svrhe, npr. za slanje njuzletera, uzoraka proizvoda, poziva za u<\/em><em>\u010d<\/em><em>estvovanje na konkursima i u nagradnim igrama, putem imejla ili po\u0161te ili drugog komunikacionog kanala koji ste prihvatili.<\/em><\/p>\n<p><em>Ako <\/em><em>\u0107<\/em><em>e se va\u0161i li<\/em><em>\u010d<\/em><em>ni podaci koristiti u svrhe slanja individualnih (vama) prilago<\/em><em>\u0111<\/em><em>enih reklama i promocija kroz stvaranja i odr\u017eavanja korisni<\/em><em>\u010d<\/em><em>kog profila, o tome <\/em><em>\u0107<\/em><em>ete unapred, dakle pre slanja takvih reklama i promocija, biti obave\u0161teni, te <\/em><em>\u0107<\/em><em>emo pre ovakve obrade li<\/em><em>\u010d<\/em><em>nih podataka svakako zatra\u017eiti od vas poseban, izri<\/em><em>\u010d<\/em><em>it i informisani pristanak.\u00a0 <\/em><\/p>\n<p><em>Va\u0161e podatke <\/em><em>\u0107<\/em><em>emo po potrebi koristiti za analizu i pobolj\u0161anje efikasnosti na\u0161ih internet usluga, ogla\u0161avanja, marketinga, istra\u017eivanja tr\u017ei\u0161ta i prodajnih napora, kroz ankete ili upite druge vrste, ili na na<\/em><em>\u010d<\/em><em>in koji <\/em><em>\u0107<\/em><em>e osigurati da se va\u0161i li<\/em><em>\u010d<\/em><em>ni podaci anonimiziraju, tj. ne mogu povezati s licem.<\/em><\/p>\n<p><strong><em>Ostvarivanje prava ispitanika <\/em><\/strong><\/p>\n<p><em>U bilo kojem trenutku mo\u017eete od nas da zatra\u017eite informaciju o svojim li<\/em><em>\u010d<\/em><em>nim podacima koje obra<\/em><em>\u0111<\/em><em>ujemo ili da zatra\u017eite ispravak istih, mo\u017eete da zahtevate prestanak kori\u0161<\/em><em>\u0107<\/em><em>enja ili brisanje svojih li<\/em><em>\u010d<\/em><em>nih podataka ili povla<\/em><em>\u010d<\/em><em>enje odobrenja u sve ili samo neke svrhe (osim kada to nije mogu<\/em><em>\u0107<\/em><em>e, npr. ako se radi o obradi podataka u statisti<\/em><em>\u010d<\/em><em>ke svrhe kada li<\/em><em>\u010d<\/em><em>ni podaci vi\u0161e ne omogu<\/em><em>\u0107<\/em><em>uju identifikaciju), odnosno i prenos podataka drugom vo<\/em><em>\u0111<\/em><em>i obrade pod zakonskim uslovima ili izvr\u0161iti odjavu primanja na\u0161ih informativnih i promotivnih materijala.<\/em><\/p>\n<p><em>Tako<\/em><em>\u0111<\/em><em>e, mo\u017eete i da ulo\u017eite prigovor na kori\u0161<\/em><em>\u0107<\/em><em>enje svojih li<\/em><em>\u010d<\/em><em>nih podataka u situacijama koje zasnivamo na postojanju na\u0161eg legitimnog interesa, a svakako kada ih koristimo za potrebe direktnog marketinga.<\/em><\/p>\n<p><em>S na\u0161e strane, u maksimalno mogu<\/em><em>\u0107<\/em><em>oj i razumnoj meri vodi<\/em><em>\u0107<\/em><em>emo ra<\/em><em>\u010d<\/em><em>una da su va\u0161i li<\/em><em>\u010d<\/em><em>ni podaci koje ste nam stavili na raspolaganje ispravno evidentirani, ali je odgovornost za ta<\/em><em>\u010d<\/em><em>nost istih na vama i molimo vas da ih redovno i pravovremeno a\u017eurirate, odnosno dostavite nam zahtev za promenu ili ispravak.<\/em><\/p>\n<p><em>Za ostvarivanje svih svojih prava i obaveza u pogledu kori\u0161<\/em><em>\u0107<\/em><em>enja li<\/em><em>\u010d<\/em><em>nih podataka, mo\u017eete da se obratite na imejl adresu <\/em><a href=\"mailto:info@unimedica.rs\">info@unimedica.rs<\/a> <em>ili adresu sedi\u0161ta, koje su navedene na veb-stranici ili prema uputstvu na dostavljenim promotivnim materijalima.<\/em><\/p>\n<p><em>Prilikom kontakta i postavljanja navedenih zahteva ulo\u017ei<\/em><em>\u0107<\/em><em>emo razumne napore da potvrdimo va\u0161 identitet i spre<\/em><em>\u010d<\/em><em>imo neautorizovanu obradu li<\/em><em>\u010d<\/em><em>nih podataka.<\/em><\/p>\n<p><em>Po primanju va\u0161ih zahteva tra\u017eenu aktivnost <\/em><em>\u0107<\/em><em>emo sprovesti u odre<\/em><em>\u0111<\/em><em>enom roku, a najkasnije u roku od 30 dana od primanja, pa <\/em><em>\u0107<\/em><em>emo vas o istom po potrebi i i obavestiti, sve prema zakonu.\u00a0 <\/em><\/p>\n<p><strong><em>Deca<\/em><\/strong><\/p>\n<p><em>Po pravilu, ne prikupljamo podatke o deci. Ako se uverimo da su takvi podaci preneseni nama bez pristanka roditelja ili zakonskih staratelja, izbrisa<\/em><em>\u0107<\/em><em>emo ih u najkra<\/em><em>\u0107<\/em><em>em mogu<\/em><em>\u0107<\/em><em>em roku. Pritom, vodi<\/em><em>\u0107<\/em><em>emo se instrukcijama\u00a0 koje smo dobili od vas kao roditelja ili zakonskog staratelja.<\/em><\/p>\n<p><em>Ukoliko za neku svrhu ipak prikupljamo podatke o deci u uzrastu u kome je prema va\u017ee<\/em><em>\u0107<\/em><em>im zakonima potreban pristanak roditelja za obradu njihovih li<\/em><em>\u010d<\/em><em>nih podataka, o tome <\/em><em>\u0107<\/em><em>emo dati odgovaraju<\/em><em>\u0107<\/em><em>u informaciju i primeni<\/em><em>\u0107<\/em><em>emo razumne mere kako bismo utvrdili da deca imaju pristanak roditelja ili zakonskog staratelja.<\/em><\/p>\n<p><strong><em>Sigurnost podataka<\/em><\/strong><\/p>\n<p><em>Implementirali smo tehni<\/em><em>\u010d<\/em><em>ke i organizacione mere kako bismo spre<\/em><em>\u010d<\/em><em>ili gubitak va\u0161ih podataka, izmenu, kra<\/em><em>\u0111<\/em><em>u ili pristup neovla\u0161<\/em><em>\u0107<\/em><em>ene tre<\/em><em>\u0107<\/em><em>e strane, odnosno bilo kakvu neovla\u0161<\/em><em>\u0107<\/em><em>enu obradu. Pristup va\u0161im li<\/em><em>\u010d<\/em><em>nim podacima ograni<\/em><em>\u010d<\/em><em>en je samo na one zaposlene kojima su te informacije nu\u017ene\u00a0 u pru\u017eanju na\u0161ih usluga, odnosno re\u0161avanju va\u0161eg upita. Kontinuirano edukujemo na\u0161e zaposlene o va\u017enosti poverljivosti podataka i <\/em><em>\u010d<\/em><em>uvanju privatnosti i za\u0161titi va\u0161ih podataka. Prikupljamo samo one podatke koji su nu\u017eni za predmetnu obradu i ne <\/em><em>\u010d<\/em><em>uvamo ih dalje nego \u0161to je to potrebno, odnosno odre<\/em><em>\u0111<\/em><em>eno zakonskim propisima.<\/em><\/p>\n<p><em>Na na\u0161oj veb-stranici mo<\/em><em>\u0107<\/em><em>and <\/em><em>\u0107<\/em><em>ete ponekad da prona<\/em><em>\u0111<\/em><em>ete linkove na druge veb-stranice ili portale, a mo\u017eemo da vam ponudimo i funkcije dru\u0161tvenih mre\u017ea koje omogu<\/em><em>\u0107<\/em><em>avaju deljenje li<\/em><em>\u010d<\/em><em>nih podataka na dru\u0161tvenim mre\u017eama. Na\u0161a preporuka je da se svakako prethodno upoznate s pravilima o za\u0161titi li<\/em><em>\u010d<\/em><em>nih podataka tih portala ili dru\u0161tvenih mre\u017ea ili tre<\/em><em>\u0107<\/em><em>ih lica, kao i preduzetim merama sigurnosti istih, jer se ona mogu razlikovati od ovih pravila i na\u0161ih preduzetih mera, a za \u0161ta mi ne mo\u017eemo da budemo odgovorni.<\/em><\/p>\n<p><strong><em>Ograni<\/em><\/strong><strong><em>\u010d<\/em><\/strong><strong><em>enje odgovornosti<\/em><\/strong><\/p>\n<p><em>Iako preduzimamo dostupne tehni<\/em><em>\u010d<\/em><em>ke, organizacione i kadrovske mere za\u0161tite li<\/em><em>\u010d<\/em><em>nih podataka od slu<\/em><em>\u010d<\/em><em>ajne ili namerne zloupotrebe, uni\u0161tenja, gubitka, neovla\u0161<\/em><em>\u0107<\/em><em>ene promene ili dostupa, ne mo\u017eemo da garantujemo da neki od li<\/em><em>\u010d<\/em><em>nih podataka koje prikupljamo ne<\/em><em>\u0107<\/em><em>e nikada biti slu<\/em><em>\u010d<\/em><em>ajno otkriveni, suprotno odredbama ovih pravila privatnosti.<\/em><\/p>\n<p><em>Do najve<\/em><em>\u0107<\/em><em>e mere dopu\u0161tene zakonom isklju<\/em><em>\u010d<\/em><em>ujemo odgovornost za \u0161tetu nanesenu korisnicima ili tre<\/em><em>\u0107<\/em><em>im licima slu<\/em><em>\u010d<\/em><em>ajnim otkrivanjem li<\/em><em>\u010d<\/em><em>nih podataka.<\/em><\/p>\n<p><em>Budu<\/em><em>\u0107<\/em><em>i da nemamo kontrolu nad li<\/em><em>\u010d<\/em><em>nim podacima koje dostavljate prilikom pristupa ili kori\u0161<\/em><em>\u0107<\/em><em>enja drugih portala, odnosno neposredno tre<\/em><em>\u0107<\/em><em>im licima (npr. kod u<\/em><em>\u010d<\/em><em>estvovanja u sponzorisanim aktivnostima), do najve<\/em><em>\u0107<\/em><em>e mere dopu\u0161tene zakonom isklju<\/em><em>\u010d<\/em><em>ujemo odgovornost za \u0161tetu koja mo\u017ee nastati vama ili tre<\/em><em>\u0107<\/em><em>im licima zbog dostavljanja li<\/em><em>\u010d<\/em><em>nih podataka.<\/em><\/p>\n<p><strong><em>A\u017euriranje i izmene<\/em><\/strong><\/p>\n<p><em>Zadr\u017eavamo pravo izmene ili a\u017euriranja delova ovih pravila u svakom trenutku i bez prethodne najave. Posetite na\u0161u veb-stranicu s vremena na vreme kako biste bili upoznati s izmenama ili a\u017euriranjem Pravila. Nazna<\/em><em>\u010d<\/em><em>and<\/em><em>\u0107<\/em><em>emo datum po<\/em><em>\u010d<\/em><em>etka primene aktuelne verzije Pravila.<\/em><\/p>\n<p><em>Ova pravila su zadnji put izmenjena 31. 8. 2019. godine.<\/em><\/p>\n<p><em>Unimedica d.o.o. 2019. Sva prava zadr\u017eana. <\/em><\/p>\n<p><em>\u00a0<\/em><\/p>\n\n\t\t<\/div>\n\t<\/div>\n<\/div><\/div><\/div><\/div>\n<\/div>","protected":false},"excerpt":{"rendered":"Unimedica d.o.o. Novi Banovci (dalje: Unimedica ili mi) je poslovni [...]","protected":false},"author":1,"featured_media":0,"parent":0,"menu_order":0,"comment_status":"closed","ping_status":"closed","template":"","meta":{"footnotes":""},"class_list":["post-235","page","type-page","status-publish","hentry"],"yoast_head":"<!-- This site is optimized with the Yoast SEO plugin v23.8 - https:\/\/yoast.com\/wordpress\/plugins\/seo\/ -->\n<title>Politika privatnosti | Unimedica<\/title>\n<meta name=\"robots\" content=\"index, follow, max-snippet:-1, max-image-preview:large, max-video-preview:-1\" \/>\n<link rel=\"canonical\" href=\"https:\/\/unimedica.rs\/en\/politika-privatnosti\/\" \/>\n<meta property=\"og:locale\" content=\"en_US\" \/>\n<meta property=\"og:type\" content=\"article\" \/>\n<meta property=\"og:title\" content=\"Politika privatnosti | Unimedica\" \/>\n<meta property=\"og:url\" content=\"https:\/\/unimedica.rs\/en\/politika-privatnosti\/\" \/>\n<meta property=\"og:site_name\" content=\"Unimedica\" \/>\n<meta property=\"article:publisher\" content=\"https:\/\/www.facebook.com\/UnimedicaSrbija\/\" \/>\n<meta property=\"article:modified_time\" content=\"2019-11-02T16:58:30+00:00\" \/>\n<meta name=\"twitter:card\" content=\"summary_large_image\" \/>\n<meta name=\"twitter:label1\" content=\"Est. reading time\" \/>\n\t<meta name=\"twitter:data1\" content=\"9 minutes\" \/>\n<script type=\"application\/ld+json\" class=\"yoast-schema-graph\">{\"@context\":\"https:\/\/schema.org\",\"@graph\":[{\"@type\":\"WebPage\",\"@id\":\"https:\/\/unimedica.rs\/politika-privatnosti\/\",\"url\":\"https:\/\/unimedica.rs\/politika-privatnosti\/\",\"name\":\"Politika privatnosti | Unimedica\",\"isPartOf\":{\"@id\":\"https:\/\/unimedica.rs\/#website\"},\"datePublished\":\"2019-11-01T18:35:21+00:00\",\"dateModified\":\"2019-11-02T16:58:30+00:00\",\"breadcrumb\":{\"@id\":\"https:\/\/unimedica.rs\/politika-privatnosti\/#breadcrumb\"},\"inLanguage\":\"en-US\",\"potentialAction\":[{\"@type\":\"ReadAction\",\"target\":[\"https:\/\/unimedica.rs\/politika-privatnosti\/\"]}]},{\"@type\":\"BreadcrumbList\",\"@id\":\"https:\/\/unimedica.rs\/politika-privatnosti\/#breadcrumb\",\"itemListElement\":[{\"@type\":\"ListItem\",\"position\":1,\"name\":\"Home\",\"item\":\"https:\/\/unimedica.rs\/\"},{\"@type\":\"ListItem\",\"position\":2,\"name\":\"Politika privatnosti\"}]},{\"@type\":\"WebSite\",\"@id\":\"https:\/\/unimedica.rs\/#website\",\"url\":\"https:\/\/unimedica.rs\/\",\"name\":\"Unimedica\",\"description\":\"\",\"publisher\":{\"@id\":\"https:\/\/unimedica.rs\/#organization\"},\"potentialAction\":[{\"@type\":\"SearchAction\",\"target\":{\"@type\":\"EntryPoint\",\"urlTemplate\":\"https:\/\/unimedica.rs\/?s={search_term_string}\"},\"query-input\":{\"@type\":\"PropertyValueSpecification\",\"valueRequired\":true,\"valueName\":\"search_term_string\"}}],\"inLanguage\":\"en-US\"},{\"@type\":\"Organization\",\"@id\":\"https:\/\/unimedica.rs\/#organization\",\"name\":\"Unimedica\",\"url\":\"https:\/\/unimedica.rs\/\",\"logo\":{\"@type\":\"ImageObject\",\"inLanguage\":\"en-US\",\"@id\":\"https:\/\/unimedica.rs\/#\/schema\/logo\/image\/\",\"url\":\"https:\/\/unimedica.rs\/wp-content\/uploads\/2019\/09\/logo-brend.png\",\"contentUrl\":\"https:\/\/unimedica.rs\/wp-content\/uploads\/2019\/09\/logo-brend.png\",\"width\":346,\"height\":87,\"caption\":\"Unimedica\"},\"image\":{\"@id\":\"https:\/\/unimedica.rs\/#\/schema\/logo\/image\/\"},\"sameAs\":[\"https:\/\/www.facebook.com\/UnimedicaSrbija\/\",\"https:\/\/www.instagram.com\/flogocid_official\/?hl=en\"]}]}<\/script>\n<!-- \/ Yoast SEO plugin. -->","yoast_head_json":{"title":"Politika privatnosti | Unimedica","robots":{"index":"index","follow":"follow","max-snippet":"max-snippet:-1","max-image-preview":"max-image-preview:large","max-video-preview":"max-video-preview:-1"},"canonical":"https:\/\/unimedica.rs\/en\/politika-privatnosti\/","og_locale":"en_US","og_type":"article","og_title":"Politika privatnosti | Unimedica","og_url":"https:\/\/unimedica.rs\/en\/politika-privatnosti\/","og_site_name":"Unimedica","article_publisher":"https:\/\/www.facebook.com\/UnimedicaSrbija\/","article_modified_time":"2019-11-02T16:58:30+00:00","twitter_card":"summary_large_image","twitter_misc":{"Est. reading time":"9 minutes"},"schema":{"@context":"https:\/\/schema.org","@graph":[{"@type":"WebPage","@id":"https:\/\/unimedica.rs\/politika-privatnosti\/","url":"https:\/\/unimedica.rs\/politika-privatnosti\/","name":"Politika privatnosti | Unimedica","isPartOf":{"@id":"https:\/\/unimedica.rs\/#website"},"datePublished":"2019-11-01T18:35:21+00:00","dateModified":"2019-11-02T16:58:30+00:00","breadcrumb":{"@id":"https:\/\/unimedica.rs\/politika-privatnosti\/#breadcrumb"},"inLanguage":"en-US","potentialAction":[{"@type":"ReadAction","target":["https:\/\/unimedica.rs\/politika-privatnosti\/"]}]},{"@type":"BreadcrumbList","@id":"https:\/\/unimedica.rs\/politika-privatnosti\/#breadcrumb","itemListElement":[{"@type":"ListItem","position":1,"name":"Home","item":"https:\/\/unimedica.rs\/"},{"@type":"ListItem","position":2,"name":"Politika privatnosti"}]},{"@type":"WebSite","@id":"https:\/\/unimedica.rs\/#website","url":"https:\/\/unimedica.rs\/","name":"Unimedica","description":"","publisher":{"@id":"https:\/\/unimedica.rs\/#organization"},"potentialAction":[{"@type":"SearchAction","target":{"@type":"EntryPoint","urlTemplate":"https:\/\/unimedica.rs\/?s={search_term_string}"},"query-input":{"@type":"PropertyValueSpecification","valueRequired":true,"valueName":"search_term_string"}}],"inLanguage":"en-US"},{"@type":"Organization","@id":"https:\/\/unimedica.rs\/#organization","name":"Unimedica","url":"https:\/\/unimedica.rs\/","logo":{"@type":"ImageObject","inLanguage":"en-US","@id":"https:\/\/unimedica.rs\/#\/schema\/logo\/image\/","url":"https:\/\/unimedica.rs\/wp-content\/uploads\/2019\/09\/logo-brend.png","contentUrl":"https:\/\/unimedica.rs\/wp-content\/uploads\/2019\/09\/logo-brend.png","width":346,"height":87,"caption":"Unimedica"},"image":{"@id":"https:\/\/unimedica.rs\/#\/schema\/logo\/image\/"},"sameAs":["https:\/\/www.facebook.com\/UnimedicaSrbija\/","https:\/\/www.instagram.com\/flogocid_official\/?hl=en"]}]}},"_links":{"self":[{"href":"https:\/\/unimedica.rs\/en\/wp-json\/wp\/v2\/pages\/235"}],"collection":[{"href":"https:\/\/unimedica.rs\/en\/wp-json\/wp\/v2\/pages"}],"about":[{"href":"https:\/\/unimedica.rs\/en\/wp-json\/wp\/v2\/types\/page"}],"author":[{"embeddable":true,"href":"https:\/\/unimedica.rs\/en\/wp-json\/wp\/v2\/users\/1"}],"replies":[{"embeddable":true,"href":"https:\/\/unimedica.rs\/en\/wp-json\/wp\/v2\/comments?post=235"}],"version-history":[{"count":4,"href":"https:\/\/unimedica.rs\/en\/wp-json\/wp\/v2\/pages\/235\/revisions"}],"predecessor-version":[{"id":246,"href":"https:\/\/unimedica.rs\/en\/wp-json\/wp\/v2\/pages\/235\/revisions\/246"}],"wp:attachment":[{"href":"https:\/\/unimedica.rs\/en\/wp-json\/wp\/v2\/media?parent=235"}],"curies":[{"name":"wp","href":"https:\/\/api.w.org\/{rel}","templated":true}]}}